{"id":218,"date":"2023-05-02T13:42:31","date_gmt":"2023-05-02T11:42:31","guid":{"rendered":"https:\/\/markvilliger.com\/hobbys\/"},"modified":"2024-05-22T18:21:05","modified_gmt":"2024-05-22T16:21:05","slug":"hobbys","status":"publish","type":"page","link":"https:\/\/markvilliger.com\/fr\/hobbys\/","title":{"rendered":"Loisirs"},"content":{"rendered":"\t\t<div data-elementor-type=\"wp-page\" data-elementor-id=\"218\" class=\"elementor elementor-218 elementor-85\" data-elementor-settings=\"{&quot;element_pack_global_tooltip_width&quot;:{&quot;unit&quot;:&quot;px&quot;,&quot;size&quot;:&quot;&quot;,&quot;sizes&quot;:[]},&quot;element_pack_global_tooltip_width_tablet&quot;:{&quot;unit&quot;:&quot;px&quot;,&quot;size&quot;:&quot;&quot;,&quot;sizes&quot;:[]},&quot;element_pack_global_tooltip_width_mobile&quot;:{&quot;unit&quot;:&quot;px&quot;,&quot;size&quot;:&quot;&quot;,&quot;sizes&quot;:[]},&quot;element_pack_global_tooltip_padding&quot;:{&quot;unit&quot;:&quot;px&quot;,&quot;top&quot;:&quot;&quot;,&quot;right&quot;:&quot;&quot;,&quot;bottom&quot;:&quot;&quot;,&quot;left&quot;:&quot;&quot;,&quot;isLinked&quot;:true},&quot;element_pack_global_tooltip_padding_tablet&quot;:{&quot;unit&quot;:&quot;px&quot;,&quot;top&quot;:&quot;&quot;,&quot;right&quot;:&quot;&quot;,&quot;bottom&quot;:&quot;&quot;,&quot;left&quot;:&quot;&quot;,&quot;isLinked&quot;:true},&quot;element_pack_global_tooltip_padding_mobile&quot;:{&quot;unit&quot;:&quot;px&quot;,&quot;top&quot;:&quot;&quot;,&quot;right&quot;:&quot;&quot;,&quot;bottom&quot;:&quot;&quot;,&quot;left&quot;:&quot;&quot;,&quot;isLinked&quot;:true},&quot;element_pack_global_tooltip_border_radius&quot;:{&quot;unit&quot;:&quot;px&quot;,&quot;top&quot;:&quot;&quot;,&quot;right&quot;:&quot;&quot;,&quot;bottom&quot;:&quot;&quot;,&quot;left&quot;:&quot;&quot;,&quot;isLinked&quot;:true},&quot;element_pack_global_tooltip_border_radius_tablet&quot;:{&quot;unit&quot;:&quot;px&quot;,&quot;top&quot;:&quot;&quot;,&quot;right&quot;:&quot;&quot;,&quot;bottom&quot;:&quot;&quot;,&quot;left&quot;:&quot;&quot;,&quot;isLinked&quot;:true},&quot;element_pack_global_tooltip_border_radius_mobile&quot;:{&quot;unit&quot;:&quot;px&quot;,&quot;top&quot;:&quot;&quot;,&quot;right&quot;:&quot;&quot;,&quot;bottom&quot;:&quot;&quot;,&quot;left&quot;:&quot;&quot;,&quot;isLinked&quot;:true}}\" data-elementor-post-type=\"page\">\n\t\t\t\t\t\t<section class=\"elementor-section elementor-top-section elementor-element elementor-element-797c925b elementor-section-height-min-height elementor-section-boxed elementor-section-height-default elementor-section-items-middle\" data-id=\"797c925b\" data-element_type=\"section\">\n\t\t\t\t\t\t\t<div class=\"elementor-background-overlay\"><\/div>\n\t\t\t\t\t\t\t<div class=\"elementor-container elementor-column-gap-default\">\n\t\t\t\t\t<div class=\"elementor-column elementor-col-100 elementor-top-column elementor-element elementor-element-132e4313\" data-id=\"132e4313\" data-element_type=\"column\">\n\t\t\t<div class=\"elementor-widget-wrap elementor-element-populated\">\n\t\t\t\t\t\t<div class=\"elementor-element elementor-element-3131b23c elementor-widget elementor-widget-heading\" data-id=\"3131b23c\" data-element_type=\"widget\" data-widget_type=\"heading.default\">\n\t\t\t\t<div class=\"elementor-widget-container\">\n\t\t\t\t\t<h1 class=\"elementor-heading-title elementor-size-default\">Loisirs<\/h1>\t\t\t\t<\/div>\n\t\t\t\t<\/div>\n\t\t\t\t<div class=\"elementor-element elementor-element-44b4089 elementor-widget elementor-widget-text-editor\" data-id=\"44b4089\" data-element_type=\"widget\" data-widget_type=\"text-editor.default\">\n\t\t\t\t<div class=\"elementor-widget-container\">\n\t\t\t\t\t\t\t\t\t<p><a href=\"#\">Accueil <\/a>&gt; Loisirs<\/p>\n<div id=\"gtx-trans\" style=\"position: absolute; left: 156px; top: -10px;\">\n<div class=\"gtx-trans-icon\"><\/div>\n<\/div>\n\t\t\t\t\t\t\t\t<\/div>\n\t\t\t\t<\/div>\n\t\t\t\t\t<\/div>\n\t\t<\/div>\n\t\t\t\t\t<\/div>\n\t\t<\/section>\n\t\t\t\t<section class=\"elementor-section elementor-top-section elementor-element elementor-element-7962388f elementor-section-boxed elementor-section-height-default elementor-section-height-default\" data-id=\"7962388f\" data-element_type=\"section\" data-settings=\"{&quot;background_background&quot;:&quot;classic&quot;}\">\n\t\t\t\t\t\t<div class=\"elementor-container elementor-column-gap-default\">\n\t\t\t\t\t<div class=\"elementor-column elementor-col-50 elementor-top-column elementor-element elementor-element-24d028ec\" data-id=\"24d028ec\" data-element_type=\"column\">\n\t\t\t<div class=\"elementor-widget-wrap elementor-element-populated\">\n\t\t\t\t\t\t<div class=\"elementor-element elementor-element-2f411e8 elementor-widget elementor-widget-heading\" data-id=\"2f411e8\" data-element_type=\"widget\" data-widget_type=\"heading.default\">\n\t\t\t\t<div class=\"elementor-widget-container\">\n\t\t\t\t\t<h2 class=\"elementor-heading-title elementor-size-default\">Loisirs<\/h2>\t\t\t\t<\/div>\n\t\t\t\t<\/div>\n\t\t\t\t<section class=\"elementor-section elementor-inner-section elementor-element elementor-element-458c9214 elementor-section-boxed elementor-section-height-default elementor-section-height-default\" data-id=\"458c9214\" data-element_type=\"section\">\n\t\t\t\t\t\t<div class=\"elementor-container elementor-column-gap-no\">\n\t\t\t\t\t<div class=\"elementor-column elementor-col-100 elementor-inner-column elementor-element elementor-element-7c4b5df8\" data-id=\"7c4b5df8\" data-element_type=\"column\">\n\t\t\t<div class=\"elementor-widget-wrap elementor-element-populated\">\n\t\t\t\t\t\t<div class=\"elementor-element elementor-element-69f2dd76 elementor-widget elementor-widget-heading\" data-id=\"69f2dd76\" data-element_type=\"widget\" data-widget_type=\"heading.default\">\n\t\t\t\t<div class=\"elementor-widget-container\">\n\t\t\t\t\t<h3 class=\"elementor-heading-title elementor-size-default\">Loisirs<\/h3>\t\t\t\t<\/div>\n\t\t\t\t<\/div>\n\t\t\t\t\t<\/div>\n\t\t<\/div>\n\t\t\t\t\t<\/div>\n\t\t<\/section>\n\t\t\t\t\t<\/div>\n\t\t<\/div>\n\t\t\t\t<div class=\"elementor-column elementor-col-50 elementor-top-column elementor-element elementor-element-16afdf1d\" data-id=\"16afdf1d\" data-element_type=\"column\">\n\t\t\t<div class=\"elementor-widget-wrap elementor-element-populated\">\n\t\t\t\t\t\t<section class=\"elementor-section elementor-inner-section elementor-element elementor-element-a854b29 elementor-section-boxed elementor-section-height-default elementor-section-height-default\" data-id=\"a854b29\" data-element_type=\"section\">\n\t\t\t\t\t\t<div class=\"elementor-container elementor-column-gap-default\">\n\t\t\t\t\t<div class=\"elementor-column elementor-col-100 elementor-inner-column elementor-element elementor-element-51fbdbdf\" data-id=\"51fbdbdf\" data-element_type=\"column\">\n\t\t\t<div class=\"elementor-widget-wrap\">\n\t\t\t\t\t\t\t<\/div>\n\t\t<\/div>\n\t\t\t\t\t<\/div>\n\t\t<\/section>\n\t\t\t\t<section class=\"elementor-section elementor-inner-section elementor-element elementor-element-e28174c elementor-section-boxed elementor-section-height-default elementor-section-height-default\" data-id=\"e28174c\" data-element_type=\"section\">\n\t\t\t\t\t\t<div class=\"elementor-container elementor-column-gap-default\">\n\t\t\t\t\t<div class=\"elementor-column elementor-col-50 elementor-inner-column elementor-element elementor-element-688ebd31\" data-id=\"688ebd31\" data-element_type=\"column\">\n\t\t\t<div class=\"elementor-widget-wrap elementor-element-populated\">\n\t\t\t\t\t\t<div class=\"elementor-element elementor-element-cd35757 elementor-view-default elementor-widget elementor-widget-icon\" data-id=\"cd35757\" data-element_type=\"widget\" data-widget_type=\"icon.default\">\n\t\t\t\t<div class=\"elementor-widget-container\">\n\t\t\t\t\t\t\t<div class=\"elementor-icon-wrapper\">\n\t\t\t<div class=\"elementor-icon\">\n\t\t\t<svg xmlns=\"http:\/\/www.w3.org\/2000\/svg\" viewBox=\"0 0 48 48\" width=\"512\" height=\"512\"><g id=\"Swimming\"><path d=\"M3,32.8654a6.1212,6.1212,0,0,1,.9753.0718c.026.0074.0523.0109.0788.0162a5.4668,5.4668,0,0,1,1.9332.7977,6.9871,6.9871,0,0,0,4.0093,1.1631,6.9129,6.9129,0,0,0,3.9712-1.1406c.0132-.0069.0259-.0137.039-.0215a5.0555,5.0555,0,0,1,2.9864-.8867,5.1223,5.1223,0,0,1,2.9961.8857,6.9442,6.9442,0,0,0,4,1.1631A7.04,7.04,0,0,0,28,33.7521a5.0554,5.0554,0,0,1,2.9863-.8867,5.1469,5.1469,0,0,1,3.0127.8955,6.9994,6.9994,0,0,0,3.9942,1.1533,6.9159,6.9159,0,0,0,2.7876-.52,10.11,10.11,0,0,0,1.22-.6417A5.2686,5.2686,0,0,1,45,32.8654a1,1,0,0,0,0-2,7.0661,7.0661,0,0,0-1.1616.082,7.1549,7.1549,0,0,0-2.8491,1.081,8.455,8.455,0,0,1-.99.5254,4.89,4.89,0,0,1-2.0058.36,5.0882,5.0882,0,0,1-3.0191-.8994,7.1934,7.1934,0,0,0-2.768-1.06l-8.24-12.0335,10.5586-5.2851A3.5474,3.5474,0,0,0,35.7813,8.339a3.6081,3.6081,0,0,0-4.3521-1.0713L16.8408,14.173a4.0721,4.0721,0,0,0-1.792,5.7l1.939,3.4482L4.0532,30.9345A8.2634,8.2634,0,0,0,3,30.8654a1,1,0,0,0,0,2Zm15.0073-7.8243a2.021,2.021,0,0,0,.7251-2.747L16.7842,18.879a2.0716,2.0716,0,0,1,.9131-2.8984L32.2827,9.0773a1.5365,1.5365,0,0,1,2.16,1.7529,1.5086,1.5086,0,0,1-.8106,1.0156L23.0781,17.129a2.0121,2.0121,0,0,0-1.061,1.293,2.0335,2.0335,0,0,0,.2881,1.666l7.4717,10.8654a7.1353,7.1353,0,0,0-2.7911,1.075,5.0537,5.0537,0,0,1-2.9961.8858,5.0778,5.0778,0,0,1-3.0087-.8994,7,7,0,0,0-3.9878-1.1494,6.9368,6.9368,0,0,0-3.979,1.15c-.0152.0079-.0308.0166-.0459.0254a5.0023,5.0023,0,0,1-2.9717.8731,5.092,5.092,0,0,1-2.9986-.8887c-.14-.0821-.2855-.1656-.4344-.2487Z\"><\/path><path d=\"M45,37.0118a7.0028,7.0028,0,0,0-4.0073,1.1612,5.5057,5.5057,0,0,1-5.9956,0,7.4928,7.4928,0,0,0-8.0132,0,5.0869,5.0869,0,0,1-2.9951.8877,5.0775,5.0775,0,0,1-2.9917-.8877,6.9866,6.9866,0,0,0-4.0025-1.1612A6.9936,6.9936,0,0,0,12.99,38.173a5.0818,5.0818,0,0,1-2.9936.8877,5.0816,5.0816,0,0,1-2.9932-.8877A6.9913,6.9913,0,0,0,3,37.0118a1,1,0,0,0,0,2A5.0811,5.0811,0,0,1,5.9927,39.9a6.9918,6.9918,0,0,0,4.0039,1.1612A6.9936,6.9936,0,0,0,14.001,39.9a5.0818,5.0818,0,0,1,2.9936-.8877,5.0775,5.0775,0,0,1,2.9917.8877,6.9866,6.9866,0,0,0,4.0025,1.1612A6.9972,6.9972,0,0,0,27.9946,39.9a5.5008,5.5008,0,0,1,5.9927,0,7.4961,7.4961,0,0,0,8.0151,0A5.0955,5.0955,0,0,1,45,39.0118a1,1,0,0,0,0-2Z\"><\/path><path d=\"M30.6831,22.6466A7.1463,7.1463,0,1,0,37.8291,15.5,7.1536,7.1536,0,0,0,30.6831,22.6466ZM37.8291,17.5a5.146,5.146,0,1,1-5.146,5.1465A5.1522,5.1522,0,0,1,37.8291,17.5Z\"><\/path><\/g><\/svg>\t\t\t<\/div>\n\t\t<\/div>\n\t\t\t\t\t\t<\/div>\n\t\t\t\t<\/div>\n\t\t\t\t<div class=\"elementor-element elementor-element-5ef52d75 elementor-widget elementor-widget-heading\" data-id=\"5ef52d75\" data-element_type=\"widget\" data-widget_type=\"heading.default\">\n\t\t\t\t<div class=\"elementor-widget-container\">\n\t\t\t\t\t<h4 class=\"elementor-heading-title elementor-size-default\">Natation<\/h4>\t\t\t\t<\/div>\n\t\t\t\t<\/div>\n\t\t\t\t\t<\/div>\n\t\t<\/div>\n\t\t\t\t<div class=\"elementor-column elementor-col-50 elementor-inner-column elementor-element elementor-element-62a4f87b\" data-id=\"62a4f87b\" data-element_type=\"column\">\n\t\t\t<div class=\"elementor-widget-wrap elementor-element-populated\">\n\t\t\t\t\t\t<div class=\"elementor-element elementor-element-28aff56 elementor-view-default elementor-widget elementor-widget-icon\" data-id=\"28aff56\" data-element_type=\"widget\" data-widget_type=\"icon.default\">\n\t\t\t\t<div class=\"elementor-widget-container\">\n\t\t\t\t\t\t\t<div class=\"elementor-icon-wrapper\">\n\t\t\t<div class=\"elementor-icon\">\n\t\t\t<svg xmlns=\"http:\/\/www.w3.org\/2000\/svg\" xmlns:xlink=\"http:\/\/www.w3.org\/1999\/xlink\" id=\"Capa_1\" x=\"0px\" y=\"0px\" viewBox=\"0 0 512.001 512.001\" style=\"enable-background:new 0 0 512.001 512.001;\" xml:space=\"preserve\"><g>\t<g>\t\t<path d=\"M10,172.438c-5.522,0-10,4.478-10,10v0.27c0,5.522,4.478,10,10,10s10-4.477,10-10v-0.27   C20,176.916,15.522,172.438,10,172.438z\"><\/path>\t<\/g><\/g><g>\t<g>\t\t<path d=\"M511.999,122.674c0-16.542-13.457-30-29.999-30H340.686V79.336C340.686,60.956,325.73,46,307.348,46H193.022   c-18.383,0-33.338,14.955-33.338,33.337v13.338H29.999c-16.542,0-29.999,13.458-29.999,30v31.034c0,5.522,4.478,10,10,10   s10-4.478,10-10v-31.034c0-5.514,4.485-10,9.999-10H482c5.514,0,9.999,4.486,9.999,10v70.462c0,17.595-5.693,33.877-15.312,47.135   c-0.383,0.436-0.727,0.906-1.031,1.404c-12.807,16.875-32.11,28.545-54.151,31.282c-0.342-10.73-9.155-19.359-19.968-19.359h-60   c-11.028,0-20,8.972-20,19.999H190.461c0-11.027-8.972-19.999-20-19.999h-59.999c-10.816,0-19.632,8.635-19.969,19.369   c-21.74-2.727-41.279-14.254-54.275-31.499c-0.223-0.346-0.46-0.681-0.722-0.996c-4.626-6.337-8.391-13.409-11.064-21.086   c-1.816-5.215-7.513-7.973-12.732-6.156c-5.216,1.816-7.972,7.517-6.156,12.732c3.035,8.716,7.192,16.811,12.265,24.155V436   c0,16.542,13.457,30,29.999,30h416.386c16.542,0,30-13.458,30-30V250.168c11.221-16.212,17.807-35.866,17.807-57.032v-70.462   H511.999z M320.686,92.674H179.685V79.336c0-7.354,5.983-13.337,13.338-13.337h114.325c7.354,0,13.338,5.983,13.338,13.337V92.674   z M401.538,273.597v20.001h-60l-0.002-20L401.538,273.597z M381.538,313.598v29.999c0,5.514-4.486,10-10,10   c-5.514,0-10-4.486-10-10v-29.999H381.538z M170.461,273.597v20.001h-60l-0.001-20L170.461,273.597z M150.461,313.598v29.999   c0,5.514-4.486,10-10,10c-5.514,0-10-4.486-10-10v-29.999H150.461z M474.192,436c0,5.513-4.486,10-10,10H47.807   c-5.514,0-9.999-4.486-9.999-10V271.552c14.903,11.92,33.112,19.564,52.653,21.526v0.52c0,11.028,8.972,20,20,20v29.999   c0,16.542,13.458,30,30,30s30-13.458,30-30v-29.999c11.028,0,20-8.972,20-20v-0.001h131.077v0.001c0,11.028,8.972,20,20,20v29.999   c0,16.542,13.458,30,30,30s30-13.458,30-30v-29.999c11.028,0,20-8.972,20-20V293.1c19.794-1.965,37.914-9.702,52.654-21.496V436z\"><\/path>\t<\/g><\/g><g>\t<g>\t\t<path d=\"M449.508,410.844H417.84c-5.522,0-10,4.478-10,10c0,5.522,4.478,10,10,10h31.668c5.522,0,10-4.478,10-10   C459.508,415.322,455.03,410.844,449.508,410.844z\"><\/path>\t<\/g><\/g><g>\t<g>\t\t<path d=\"M388.523,410.844h-0.274c-5.522,0-10,4.478-10,10c0,5.522,4.478,10,10,10h0.274c5.522,0,10-4.478,10-10   C398.523,415.322,394.046,410.844,388.523,410.844z\"><\/path>\t<\/g><\/g><g><\/g><g><\/g><g><\/g><g><\/g><g><\/g><g><\/g><g><\/g><g><\/g><g><\/g><g><\/g><g><\/g><g><\/g><g><\/g><g><\/g><g><\/g><\/svg>\t\t\t<\/div>\n\t\t<\/div>\n\t\t\t\t\t\t<\/div>\n\t\t\t\t<\/div>\n\t\t\t\t<div class=\"elementor-element elementor-element-2d24fe4b elementor-widget elementor-widget-heading\" data-id=\"2d24fe4b\" data-element_type=\"widget\" data-widget_type=\"heading.default\">\n\t\t\t\t<div class=\"elementor-widget-container\">\n\t\t\t\t\t<h4 class=\"elementor-heading-title elementor-size-default\">Actualit\u00e9s<\/h4>\t\t\t\t<\/div>\n\t\t\t\t<\/div>\n\t\t\t\t\t<\/div>\n\t\t<\/div>\n\t\t\t\t\t<\/div>\n\t\t<\/section>\n\t\t\t\t<section class=\"elementor-section elementor-inner-section elementor-element elementor-element-7c8a06cc elementor-section-boxed elementor-section-height-default elementor-section-height-default\" data-id=\"7c8a06cc\" data-element_type=\"section\">\n\t\t\t\t\t\t<div class=\"elementor-container elementor-column-gap-default\">\n\t\t\t\t\t<div class=\"elementor-column elementor-col-50 elementor-inner-column elementor-element elementor-element-73b9939d\" data-id=\"73b9939d\" data-element_type=\"column\">\n\t\t\t<div class=\"elementor-widget-wrap elementor-element-populated\">\n\t\t\t\t\t\t<div class=\"elementor-element elementor-element-26936b4 elementor-view-default elementor-widget elementor-widget-icon\" data-id=\"26936b4\" data-element_type=\"widget\" data-widget_type=\"icon.default\">\n\t\t\t\t<div class=\"elementor-widget-container\">\n\t\t\t\t\t\t\t<div class=\"elementor-icon-wrapper\">\n\t\t\t<div class=\"elementor-icon\">\n\t\t\t<svg xmlns=\"http:\/\/www.w3.org\/2000\/svg\" id=\"Layer_1\" height=\"512\" viewBox=\"0 0 480.14 480.14\" width=\"512\"><path d=\"m208.829 260.408c-7.296 21.397 8.692 43.662 31.242 43.662 18.196 0 33-14.804 33-33s-14.804-33-33-33c-4.418 0-8-3.582-8-8s3.582-8 8-8c27.019 0 49 21.981 49 49s-21.981 49-49 49c-33.497 0-57.219-33.06-46.386-64.826 1.426-4.183 5.969-6.413 10.154-4.99 4.182 1.426 6.417 5.972 4.99 10.154zm-126.758 141.662v-18c0-4.418-3.582-8-8-8s-8 3.582-8 8v18c0 4.418 3.582 8 8 8s8-3.582 8-8zm324-26c-4.418 0-8 3.582-8 8v18c0 4.418 3.582 8 8 8s8-3.582 8-8v-18c0-4.418-3.581-8-8-8zm-355-210c-4.418 0-8 3.582-8 8v25c0 4.418 3.582 8 8 8s8-3.582 8-8v-25c0-4.418-3.581-8-8-8zm429 306c0 4.418-3.582 8-8 8-12.088 0-458.95 0-464 0-4.418 0-8-3.582-8-8 0-388.768-.392-365.757.662-368.188l43-99c2.782-6.402 11.894-6.403 14.676 0 46.512 107.086 43.662 99.792 43.662 102.188v164c0 4.418-3.582 8-8 8h-78v185h116v-128h-76.5c-4.418 0-8-3.582-8-8s3.582-8 8-8h76.5v-92c0-2.708 1.37-5.231 3.64-6.708l39.104-25.417 57.256-149.355v-38.52c0-4.418 3.582-8 8-8s8 3.582 8 8v38.52c62.701 163.558 59.103 152.747 58.618 155.868-.608 3.954-4.033 6.78-7.899 6.78-3.294 0 .147 1.637-58.719-36.627l-92 59.801v231.658h40v-56c0-28.673 23.327-52 52-52s52 23.327 52 52v19.5c0 4.418-3.582 8-8 8s-8-3.582-8-8v-19.5c0-19.851-16.149-36-36-36s-36 16.149-36 36v56h128v-236c0-4.418 3.582-8 8-8s8 3.582 8 8v35h30v-156c0-2.387-2.85 4.898 43.662-102.188 2.782-6.402 11.894-6.403 14.676 0 .167.385 43.007 99.019 43.007 99.019 1.037 2.399.655-20.508.655 368.169zm-282.434-290.96 38.075-24.749c2.651-1.723 6.068-1.723 8.72 0l38.075 24.749-42.436-110.69zm-181.566 81.96h70v-148h-37c-4.418 0-8-3.582-8-8s3.582-8 8-8h32.803l-30.803-70.919-35 80.581zm378 0h70v-148h-34.995c-4.418 0-8-3.582-8-8s3.582-8 8-8h30.798l-30.803-70.919-35 80.581zm70 201v-128h-81c-4.418 0-8-3.582-8-8s3.582-8 8-8h81v-41c-6.758 0-109.394 0-116 0v185zm-35-298c-4.418 0-8 3.582-8 8v25c0 4.418 3.582 8 8 8s8-3.582 8-8v-25c0-4.418-3.581-8-8-8z\"><\/path><\/svg>\t\t\t<\/div>\n\t\t<\/div>\n\t\t\t\t\t\t<\/div>\n\t\t\t\t<\/div>\n\t\t\t\t<div class=\"elementor-element elementor-element-3b884d79 elementor-widget elementor-widget-heading\" data-id=\"3b884d79\" data-element_type=\"widget\" data-widget_type=\"heading.default\">\n\t\t\t\t<div class=\"elementor-widget-container\">\n\t\t\t\t\t<h4 class=\"elementor-heading-title elementor-size-default\">Histoire de l'architecture et de l'art. Cath\u00e9drales romanes et gothiques fran\u00e7aises. <\/h4>\t\t\t\t<\/div>\n\t\t\t\t<\/div>\n\t\t\t\t\t<\/div>\n\t\t<\/div>\n\t\t\t\t<div class=\"elementor-column elementor-col-50 elementor-inner-column elementor-element elementor-element-4356a32f\" data-id=\"4356a32f\" data-element_type=\"column\">\n\t\t\t<div class=\"elementor-widget-wrap elementor-element-populated\">\n\t\t\t\t\t\t<div class=\"elementor-element elementor-element-b1fa832 elementor-view-default elementor-widget elementor-widget-icon\" data-id=\"b1fa832\" data-element_type=\"widget\" data-widget_type=\"icon.default\">\n\t\t\t\t<div class=\"elementor-widget-container\">\n\t\t\t\t\t\t\t<div class=\"elementor-icon-wrapper\">\n\t\t\t<div class=\"elementor-icon\">\n\t\t\t<svg xmlns=\"http:\/\/www.w3.org\/2000\/svg\" xmlns:xlink=\"http:\/\/www.w3.org\/1999\/xlink\" id=\"Capa_1\" x=\"0px\" y=\"0px\" viewBox=\"0 0 512.001 512.001\" style=\"enable-background:new 0 0 512.001 512.001;\" xml:space=\"preserve\" width=\"512\" height=\"512\"><g>\t<g>\t\t<path d=\"M214.71,330.323h16.516v33.032h16.516v-82.581c0-18.214-14.818-33.032-33.032-33.032c-9.107,0-16.516,7.41-16.516,16.516    v49.548C198.194,322.914,205.603,330.323,214.71,330.323z M214.71,264.259c9.107,0,16.516,7.41,16.516,16.516v33.032H214.71    V264.259z\"><\/path>\t\t<path d=\"M280.774,247.742c-9.107,0-16.516,7.41-16.516,16.516v49.548c0,9.107,7.41,16.516,16.516,16.516h16.516v33.032h16.516    v-82.581C313.806,262.561,298.988,247.742,280.774,247.742z M297.29,313.807h-16.516v-49.548c9.107,0,16.516,7.41,16.516,16.516    V313.807z\"><\/path>\t\t<path d=\"M313.806,198.194c0-8.241-4.579-15.65-11.955-19.339l-1.739-0.869c-1.741-0.87-2.822-2.62-2.822-4.566    s1.081-3.695,2.817-4.564l1.749-0.873c7.371-3.687,11.95-11.097,11.95-19.337V132.13H198.194v16.516    c0,8.241,4.579,15.65,11.955,19.339l1.739,0.869c1.741,0.87,2.822,2.62,2.822,4.566s-1.081,3.695-2.817,4.564l-1.749,0.873    c-7.371,3.687-11.95,11.097-11.95,19.337v16.516h115.613V198.194z M297.29,148.646c0,1.946-1.081,3.695-2.817,4.564l-1.749,0.873    c-4.777,2.39-8.372,6.349-10.316,11.079h-52.815c-1.946-4.731-5.54-8.691-10.322-11.081l-1.739-0.869    c-1.741-0.87-2.822-2.62-2.822-4.566H297.29z M214.71,198.194c0-1.946,1.081-3.695,2.817-4.564l1.749-0.873    c4.777-2.39,8.372-6.349,10.316-11.079h52.815c1.946,4.731,5.54,8.691,10.322,11.081l1.739,0.869    c1.741,0.87,2.822,2.62,2.822,4.566H214.71z\"><\/path>\t\t<path d=\"M82.581,214.71h16.516v-16.516h16.516v16.516h16.516v-16.516h16.516v-16.516h-16.516v-16.516h16.516v-16.516h-16.516    V132.13h-16.516v16.516H99.097V132.13H82.581v16.516H66.065v16.516h16.516v16.516H66.065v16.516h16.516V214.71z M99.097,165.162    h16.516v16.516H99.097V165.162z\"><\/path>\t\t<path d=\"M90.839,346.839c13.661,0,24.774-11.114,24.774-24.774v-8.258H99.097v8.258c0,4.553-3.705,8.258-8.258,8.258    s-8.258-3.705-8.258-8.258v-9.675c0-2.206,0.859-4.28,2.419-5.838l6.841-6.841c4.679-4.679,7.257-10.902,7.257-17.518v-9.675    c0-4.553,3.705-8.258,8.258-8.258h16.516c4.553,0,8.258,3.705,8.258,8.258v57.806h16.516v-57.806    c0-13.66-11.113-24.774-24.774-24.774h-16.516c-13.661,0-24.774,11.114-24.774,24.774v9.675c0,2.206-0.859,4.28-2.419,5.838    l-6.841,6.841c-4.679,4.679-7.257,10.902-7.257,17.518v9.675C66.065,335.725,77.178,346.839,90.839,346.839z\"><\/path>\t\t<path d=\"M379.871,174.835c5.067,3.052,10.656,5.106,16.516,6.114v0.729c0,18.214,14.818,33.032,33.032,33.032h16.516v-16.516    h-16.516c-9.107,0-16.516-7.41-16.516-16.516v-0.715c9.715-1.67,18.664-6.269,25.776-13.381l10.678-10.678l-10.677-10.677    c-9.09-9.091-21.178-14.098-34.035-14.098c-12.857,0-24.945,5.006-34.034,14.097l-7.257,7.257v44.711h16.516V174.835z     M404.645,148.646c7.961,0,15.471,2.921,21.308,8.258c-5.836,5.337-13.347,8.258-21.308,8.258s-15.471-2.921-21.308-8.258    C389.174,151.567,396.684,148.646,404.645,148.646z\"><\/path>\t\t<path d=\"M429.395,258.82c-3.596,4.109-5.029,5.439-8.237,5.439c-3.208,0-4.641-1.329-8.236-5.438    c-3.86-4.412-9.693-11.078-20.666-11.078c-10.973,0-16.805,6.667-20.666,11.078c-3.595,4.108-5.027,5.438-8.235,5.438v16.516    c10.973,0,16.805-6.667,20.666-11.078c3.595-4.108,5.027-5.438,8.235-5.438c3.208,0,4.64,1.328,8.235,5.438    c3.861,4.411,9.694,11.078,20.667,11.078c10.973,0,16.807-6.666,20.667-11.077c3.596-4.109,5.029-5.439,8.237-5.439    c3.209,0,4.642,1.328,8.238,5.439c3.861,4.411,9.695,11.077,20.668,11.077v-16.516c-3.209,0-4.642-1.329-8.237-5.439    c-3.861-4.411-9.694-11.077-20.668-11.077C439.089,247.742,433.255,254.409,429.395,258.82z\"><\/path>\t\t<path d=\"M470.73,308.368c-3.861-4.411-9.694-11.077-20.668-11.077c-10.973,0-16.807,6.666-20.667,11.077    c-3.596,4.109-5.029,5.439-8.237,5.439c-3.208,0-4.641-1.329-8.236-5.438c-3.86-4.412-9.693-11.078-20.666-11.078    s-16.805,6.667-20.666,11.078c-3.595,4.108-5.027,5.438-8.235,5.438v16.516c10.973,0,16.805-6.667,20.666-11.078    c3.595-4.108,5.027-5.438,8.235-5.438c3.208,0,4.64,1.328,8.235,5.438c3.861,4.411,9.694,11.078,20.667,11.078    c10.973,0,16.807-6.666,20.667-11.077c3.596-4.109,5.029-5.439,8.237-5.439c3.209,0,4.642,1.328,8.238,5.439    c3.86,4.411,9.694,11.077,20.667,11.077v-16.516C475.758,313.807,474.326,312.478,470.73,308.368z\"><\/path>\t\t<path d=\"M482.542,390.097l23.052-51.867c4.251-9.564,6.406-19.72,6.406-30.185v-94.19c0-17.352-6.118-34.25-17.226-47.58    l-16.302-19.563c-5.538-6.646-9.574-14.595-11.673-22.988l-12.917-51.665c-5.771-23.085-22.407-42.144-44.501-50.981    L369.978,5.315c-8.821-3.526-18.107-5.314-27.604-5.314h-96.933c-4.446,0-8.919,0.404-13.295,1.198l-57.384,10.434    c-19.729,3.588-37.422,15.213-48.545,31.897l-9.45,14.176c-4.594,6.89-10.749,12.826-17.802,17.165L35.37,114.006    C13.554,127.432,0,151.686,0,177.304v117.804c0,13.762,3.812,27.231,11.025,38.951l44.817,72.827    c8.306,13.497,20.983,24.17,35.695,30.054l22.487,8.995H16.516C7.41,445.936,0,453.346,0,462.452v33.032    C0,504.591,7.41,512,16.516,512h478.968c9.107,0,16.516-7.41,16.516-16.516v-33.032c0-9.107-7.41-16.516-16.516-16.516h-31.534    c9.532-10.463,15.018-24.228,15.018-38.994C478.968,401.101,480.17,395.434,482.542,390.097z M465.783,157.285l16.302,19.562    c8.64,10.369,13.399,23.511,13.399,37.007v94.19c0,8.14-1.676,16.039-4.983,23.478l-23.052,51.867    c-1.866,4.198-3.195,8.546-4.018,12.998H346.839V99.097h96.778l7.158,28.632C453.472,138.519,458.662,148.74,465.783,157.285z     M330.323,99.097v297.29H181.677V99.097H330.323z M130.508,66.867l9.45-14.176c8.651-12.975,22.413-22.018,37.758-24.808    L235.1,17.45c3.404-0.619,6.883-0.932,10.341-0.932h96.933c7.386,0,14.61,1.391,21.469,4.134l39.404,15.763    c17.184,6.873,30.123,21.697,34.612,39.652l1.628,6.515H116.385C121.802,78.034,126.602,72.727,130.508,66.867z M25.091,325.404    c-5.61-9.117-8.575-19.592-8.575-30.297V177.304c0-19.926,10.541-38.789,27.511-49.23l47.084-28.977h74.05v297.29H68.773    L25.091,325.404z M495.494,495.484c0,0-0.003,0-0.01,0H16.516v-33.032h478.968L495.494,495.484z M158.494,445.936L97.67,421.607    c-5.344-2.138-10.336-5.096-14.805-8.703h379.161c-1.908,13.358-10.164,24.966-22.5,31.134l-3.798,1.898H158.494z\"><\/path>\t<\/g><\/g><\/svg>\t\t\t<\/div>\n\t\t<\/div>\n\t\t\t\t\t\t<\/div>\n\t\t\t\t<\/div>\n\t\t\t\t<div class=\"elementor-element elementor-element-346e6384 elementor-widget elementor-widget-heading\" data-id=\"346e6384\" data-element_type=\"widget\" data-widget_type=\"heading.default\">\n\t\t\t\t<div class=\"elementor-widget-container\">\n\t\t\t\t\t<h4 class=\"elementor-heading-title elementor-size-default\">Arch\u00e9ologie grecque et romaine<\/h4>\t\t\t\t<\/div>\n\t\t\t\t<\/div>\n\t\t\t\t\t<\/div>\n\t\t<\/div>\n\t\t\t\t\t<\/div>\n\t\t<\/section>\n\t\t\t\t\t<\/div>\n\t\t<\/div>\n\t\t\t\t\t<\/div>\n\t\t<\/section>\n\t\t\t\t<\/div>\n\t\t","protected":false},"excerpt":{"rendered":"<p>Accueil &gt; Loisirs Loisirs Loisirs Natation Actualit\u00e9s Histoire de l&rsquo;architecture et de l&rsquo;art. Cath\u00e9drales romanes et gothiques fran\u00e7aises. Arch\u00e9ologie grecque et romaine<\/p>\n","protected":false},"author":2,"featured_media":0,"parent":0,"menu_order":6,"comment_status":"closed","ping_status":"closed","template":"","meta":{"_seopress_robots_primary_cat":"","_seopress_titles_title":"","_seopress_titles_desc":"","_seopress_robots_index":"","footnotes":""},"class_list":["post-218","page","type-page","status-publish","hentry"],"_links":{"self":[{"href":"https:\/\/markvilliger.com\/fr\/wp-json\/wp\/v2\/pages\/218","targetHints":{"allow":["GET"]}}],"collection":[{"href":"https:\/\/markvilliger.com\/fr\/wp-json\/wp\/v2\/pages"}],"about":[{"href":"https:\/\/markvilliger.com\/fr\/wp-json\/wp\/v2\/types\/page"}],"author":[{"embeddable":true,"href":"https:\/\/markvilliger.com\/fr\/wp-json\/wp\/v2\/users\/2"}],"replies":[{"embeddable":true,"href":"https:\/\/markvilliger.com\/fr\/wp-json\/wp\/v2\/comments?post=218"}],"version-history":[{"count":2,"href":"https:\/\/markvilliger.com\/fr\/wp-json\/wp\/v2\/pages\/218\/revisions"}],"predecessor-version":[{"id":1194,"href":"https:\/\/markvilliger.com\/fr\/wp-json\/wp\/v2\/pages\/218\/revisions\/1194"}],"wp:attachment":[{"href":"https:\/\/markvilliger.com\/fr\/wp-json\/wp\/v2\/media?parent=218"}],"curies":[{"name":"wp","href":"https:\/\/api.w.org\/{rel}","templated":true}]}}