{"id":212,"date":"2023-05-02T13:41:49","date_gmt":"2023-05-02T11:41:49","guid":{"rendered":"https:\/\/markvilliger.com\/enseignement-univ-zurich\/"},"modified":"2024-05-22T16:46:42","modified_gmt":"2024-05-22T14:46:42","slug":"enseignement-univ-zurich","status":"publish","type":"page","link":"https:\/\/markvilliger.com\/fr\/enseignement-univ-zurich\/","title":{"rendered":"Enseignement Univ. Z\u00fcrich"},"content":{"rendered":"\t\t<div data-elementor-type=\"wp-page\" data-elementor-id=\"212\" class=\"elementor elementor-212 elementor-77\" data-elementor-settings=\"{&quot;element_pack_global_tooltip_width&quot;:{&quot;unit&quot;:&quot;px&quot;,&quot;size&quot;:&quot;&quot;,&quot;sizes&quot;:[]},&quot;element_pack_global_tooltip_width_tablet&quot;:{&quot;unit&quot;:&quot;px&quot;,&quot;size&quot;:&quot;&quot;,&quot;sizes&quot;:[]},&quot;element_pack_global_tooltip_width_mobile&quot;:{&quot;unit&quot;:&quot;px&quot;,&quot;size&quot;:&quot;&quot;,&quot;sizes&quot;:[]},&quot;element_pack_global_tooltip_padding&quot;:{&quot;unit&quot;:&quot;px&quot;,&quot;top&quot;:&quot;&quot;,&quot;right&quot;:&quot;&quot;,&quot;bottom&quot;:&quot;&quot;,&quot;left&quot;:&quot;&quot;,&quot;isLinked&quot;:true},&quot;element_pack_global_tooltip_padding_tablet&quot;:{&quot;unit&quot;:&quot;px&quot;,&quot;top&quot;:&quot;&quot;,&quot;right&quot;:&quot;&quot;,&quot;bottom&quot;:&quot;&quot;,&quot;left&quot;:&quot;&quot;,&quot;isLinked&quot;:true},&quot;element_pack_global_tooltip_padding_mobile&quot;:{&quot;unit&quot;:&quot;px&quot;,&quot;top&quot;:&quot;&quot;,&quot;right&quot;:&quot;&quot;,&quot;bottom&quot;:&quot;&quot;,&quot;left&quot;:&quot;&quot;,&quot;isLinked&quot;:true},&quot;element_pack_global_tooltip_border_radius&quot;:{&quot;unit&quot;:&quot;px&quot;,&quot;top&quot;:&quot;&quot;,&quot;right&quot;:&quot;&quot;,&quot;bottom&quot;:&quot;&quot;,&quot;left&quot;:&quot;&quot;,&quot;isLinked&quot;:true},&quot;element_pack_global_tooltip_border_radius_tablet&quot;:{&quot;unit&quot;:&quot;px&quot;,&quot;top&quot;:&quot;&quot;,&quot;right&quot;:&quot;&quot;,&quot;bottom&quot;:&quot;&quot;,&quot;left&quot;:&quot;&quot;,&quot;isLinked&quot;:true},&quot;element_pack_global_tooltip_border_radius_mobile&quot;:{&quot;unit&quot;:&quot;px&quot;,&quot;top&quot;:&quot;&quot;,&quot;right&quot;:&quot;&quot;,&quot;bottom&quot;:&quot;&quot;,&quot;left&quot;:&quot;&quot;,&quot;isLinked&quot;:true}}\" data-elementor-post-type=\"page\">\n\t\t\t\t\t\t<section class=\"elementor-section elementor-top-section elementor-element elementor-element-19f656ce elementor-section-height-min-height elementor-section-boxed elementor-section-height-default elementor-section-items-middle\" data-id=\"19f656ce\" data-element_type=\"section\">\n\t\t\t\t\t\t\t<div class=\"elementor-background-overlay\"><\/div>\n\t\t\t\t\t\t\t<div class=\"elementor-container elementor-column-gap-default\">\n\t\t\t\t\t<div class=\"elementor-column elementor-col-100 elementor-top-column elementor-element elementor-element-261efc9\" data-id=\"261efc9\" data-element_type=\"column\">\n\t\t\t<div class=\"elementor-widget-wrap elementor-element-populated\">\n\t\t\t\t\t\t<div class=\"elementor-element elementor-element-6e51d013 elementor-widget elementor-widget-heading\" data-id=\"6e51d013\" data-element_type=\"widget\" data-widget_type=\"heading.default\">\n\t\t\t\t<div class=\"elementor-widget-container\">\n\t\t\t\t\t<h1 class=\"elementor-heading-title elementor-size-default\">Enseignement Univ. Z\u00fcrich<\/h1>\t\t\t\t<\/div>\n\t\t\t\t<\/div>\n\t\t\t\t<div class=\"elementor-element elementor-element-515b1351 elementor-widget elementor-widget-text-editor\" data-id=\"515b1351\" data-element_type=\"widget\" data-widget_type=\"text-editor.default\">\n\t\t\t\t<div class=\"elementor-widget-container\">\n\t\t\t\t\t\t\t\t\t<p><a href=\"#\">Accueil<\/a>&gt; Lectures univ. Z\u00fcrich<\/p>\n<div id=\"gtx-trans\" style=\"position: absolute; left: 25px; top: 38px;\">\n<div class=\"gtx-trans-icon\"><\/div>\n<\/div>\n\t\t\t\t\t\t\t\t<\/div>\n\t\t\t\t<\/div>\n\t\t\t\t\t<\/div>\n\t\t<\/div>\n\t\t\t\t\t<\/div>\n\t\t<\/section>\n\t\t\t\t<section class=\"elementor-section elementor-top-section elementor-element elementor-element-c272ba7 elementor-section-boxed elementor-section-height-default elementor-section-height-default\" data-id=\"c272ba7\" data-element_type=\"section\" data-settings=\"{&quot;background_background&quot;:&quot;classic&quot;}\">\n\t\t\t\t\t\t<div class=\"elementor-container elementor-column-gap-default\">\n\t\t\t\t\t<div class=\"elementor-column elementor-col-100 elementor-top-column elementor-element elementor-element-d7f1ca5\" data-id=\"d7f1ca5\" data-element_type=\"column\">\n\t\t\t<div class=\"elementor-widget-wrap elementor-element-populated\">\n\t\t\t\t\t\t<div class=\"elementor-element elementor-element-faef72c elementor-widget elementor-widget-heading\" data-id=\"faef72c\" data-element_type=\"widget\" data-widget_type=\"heading.default\">\n\t\t\t\t<div class=\"elementor-widget-container\">\n\t\t\t\t\t<h4 class=\"elementor-heading-title elementor-size-default\">ENSEIGNEMENT \u00c0 L'UNIVERSIT\u00c9 DE ZURICH\/SUISSE<\/h4>\t\t\t\t<\/div>\n\t\t\t\t<\/div>\n\t\t\t\t<div class=\"elementor-element elementor-element-ed8b9d7 elementor-widget elementor-widget-text-editor\" data-id=\"ed8b9d7\" data-element_type=\"widget\" data-widget_type=\"text-editor.default\">\n\t\t\t\t<div class=\"elementor-widget-container\">\n\t\t\t\t\t\t\t\t\t<ul>\n<li>Masters en droits de l&rsquo;homme (Zurich\/Suisse et Sarrebruck\/Allemagne).<\/li>\n<li>Droit des organisations internationales (y compris un s\u00e9minaire \u00e0 Gen\u00e8ve\/Suisse).Droit des Nations unies.<\/li>\n<li>R\u00e8glement judiciaire international (y compris un s\u00e9minaire \u00e0 La Haye\/Pays-Bas avec visite des diff\u00e9rents tribunaux internationaux).<\/li>\n<li>Protection universelle des droits de l&rsquo;homme.<\/li>\n<li>Convention europ\u00e9enne des droits de l&rsquo;homme.<\/li>\n<li>Protection des minorit\u00e9s en droit international.<\/li>\n<li>Droit humanitaire et droits de l&rsquo;homme &#8211; Suisse et droit international.<\/li>\n<li>Droits de la d\u00e9fense selon la Convention europ\u00e9enne des droits de l&rsquo;homme et le code de proc\u00e9dure p\u00e9nale du canton de Zurich.<\/li>\n<li>Le droit international \u00e0 l&rsquo;heure du changement.<\/li>\n<li>Exercices pratiques de droit public suisse pour \u00e9tudiants avanc\u00e9s.<\/li>\n<li>Exercices pratiques de droit constitutionnel f\u00e9d\u00e9ral suisse.<\/li>\n<li>Exercices pratiques de droit europ\u00e9en (y compris Union europ\u00e9enne).<\/li>\n<li>Cours de droit international public, partie II (droit de la guerre, interdiction du recours \u00e0 la force, droit humanitaire, neutralit\u00e9).<\/li>\n<\/ul>\n\t\t\t\t\t\t\t\t<\/div>\n\t\t\t\t<\/div>\n\t\t\t\t\t<\/div>\n\t\t<\/div>\n\t\t\t\t\t<\/div>\n\t\t<\/section>\n\t\t\t\t<\/div>\n\t\t","protected":false},"excerpt":{"rendered":"<p>Accueil&gt; Lectures univ. Z\u00fcrich ENSEIGNEMENT \u00c0 L&rsquo;UNIVERSIT\u00c9 DE ZURICH\/SUISSE Masters en droits de l&rsquo;homme (Zurich\/Suisse et Sarrebruck\/Allemagne). Droit des organisations internationales (y compris un s\u00e9minaire \u00e0 Gen\u00e8ve\/Suisse).Droit des Nations unies. R\u00e8glement judiciaire international (y compris un s\u00e9minaire \u00e0 La Haye\/Pays-Bas avec visite des diff\u00e9rents tribunaux internationaux). Protection universelle des droits de l&rsquo;homme. Convention europ\u00e9enne des [&hellip;]<\/p>\n","protected":false},"author":2,"featured_media":0,"parent":0,"menu_order":3,"comment_status":"closed","ping_status":"closed","template":"","meta":{"_seopress_robots_primary_cat":"","_seopress_titles_title":"","_seopress_titles_desc":"","_seopress_robots_index":"","footnotes":""},"class_list":["post-212","page","type-page","status-publish","hentry"],"_links":{"self":[{"href":"https:\/\/markvilliger.com\/fr\/wp-json\/wp\/v2\/pages\/212","targetHints":{"allow":["GET"]}}],"collection":[{"href":"https:\/\/markvilliger.com\/fr\/wp-json\/wp\/v2\/pages"}],"about":[{"href":"https:\/\/markvilliger.com\/fr\/wp-json\/wp\/v2\/types\/page"}],"author":[{"embeddable":true,"href":"https:\/\/markvilliger.com\/fr\/wp-json\/wp\/v2\/users\/2"}],"replies":[{"embeddable":true,"href":"https:\/\/markvilliger.com\/fr\/wp-json\/wp\/v2\/comments?post=212"}],"version-history":[{"count":2,"href":"https:\/\/markvilliger.com\/fr\/wp-json\/wp\/v2\/pages\/212\/revisions"}],"predecessor-version":[{"id":1114,"href":"https:\/\/markvilliger.com\/fr\/wp-json\/wp\/v2\/pages\/212\/revisions\/1114"}],"wp:attachment":[{"href":"https:\/\/markvilliger.com\/fr\/wp-json\/wp\/v2\/media?parent=212"}],"curies":[{"name":"wp","href":"https:\/\/api.w.org\/{rel}","templated":true}]}}