{"id":213,"date":"2023-05-02T13:41:49","date_gmt":"2023-05-02T11:41:49","guid":{"rendered":"https:\/\/markvilliger.com\/vorlesungen-univ-zuerich\/"},"modified":"2024-05-22T16:47:00","modified_gmt":"2024-05-22T14:47:00","slug":"vorlesungen-univ-zuerich","status":"publish","type":"page","link":"https:\/\/markvilliger.com\/de\/vorlesungen-univ-zuerich\/","title":{"rendered":"Vorlesungen Univ. Z\u00fcrich"},"content":{"rendered":"\t\t<div data-elementor-type=\"wp-page\" data-elementor-id=\"213\" class=\"elementor elementor-213 elementor-77\" data-elementor-settings=\"{&quot;element_pack_global_tooltip_width&quot;:{&quot;unit&quot;:&quot;px&quot;,&quot;size&quot;:&quot;&quot;,&quot;sizes&quot;:[]},&quot;element_pack_global_tooltip_width_tablet&quot;:{&quot;unit&quot;:&quot;px&quot;,&quot;size&quot;:&quot;&quot;,&quot;sizes&quot;:[]},&quot;element_pack_global_tooltip_width_mobile&quot;:{&quot;unit&quot;:&quot;px&quot;,&quot;size&quot;:&quot;&quot;,&quot;sizes&quot;:[]},&quot;element_pack_global_tooltip_padding&quot;:{&quot;unit&quot;:&quot;px&quot;,&quot;top&quot;:&quot;&quot;,&quot;right&quot;:&quot;&quot;,&quot;bottom&quot;:&quot;&quot;,&quot;left&quot;:&quot;&quot;,&quot;isLinked&quot;:true},&quot;element_pack_global_tooltip_padding_tablet&quot;:{&quot;unit&quot;:&quot;px&quot;,&quot;top&quot;:&quot;&quot;,&quot;right&quot;:&quot;&quot;,&quot;bottom&quot;:&quot;&quot;,&quot;left&quot;:&quot;&quot;,&quot;isLinked&quot;:true},&quot;element_pack_global_tooltip_padding_mobile&quot;:{&quot;unit&quot;:&quot;px&quot;,&quot;top&quot;:&quot;&quot;,&quot;right&quot;:&quot;&quot;,&quot;bottom&quot;:&quot;&quot;,&quot;left&quot;:&quot;&quot;,&quot;isLinked&quot;:true},&quot;element_pack_global_tooltip_border_radius&quot;:{&quot;unit&quot;:&quot;px&quot;,&quot;top&quot;:&quot;&quot;,&quot;right&quot;:&quot;&quot;,&quot;bottom&quot;:&quot;&quot;,&quot;left&quot;:&quot;&quot;,&quot;isLinked&quot;:true},&quot;element_pack_global_tooltip_border_radius_tablet&quot;:{&quot;unit&quot;:&quot;px&quot;,&quot;top&quot;:&quot;&quot;,&quot;right&quot;:&quot;&quot;,&quot;bottom&quot;:&quot;&quot;,&quot;left&quot;:&quot;&quot;,&quot;isLinked&quot;:true},&quot;element_pack_global_tooltip_border_radius_mobile&quot;:{&quot;unit&quot;:&quot;px&quot;,&quot;top&quot;:&quot;&quot;,&quot;right&quot;:&quot;&quot;,&quot;bottom&quot;:&quot;&quot;,&quot;left&quot;:&quot;&quot;,&quot;isLinked&quot;:true}}\" data-elementor-post-type=\"page\">\n\t\t\t\t\t\t<section class=\"elementor-section elementor-top-section elementor-element elementor-element-19f656ce elementor-section-height-min-height elementor-section-boxed elementor-section-height-default elementor-section-items-middle\" data-id=\"19f656ce\" data-element_type=\"section\">\n\t\t\t\t\t\t\t<div class=\"elementor-background-overlay\"><\/div>\n\t\t\t\t\t\t\t<div class=\"elementor-container elementor-column-gap-default\">\n\t\t\t\t\t<div class=\"elementor-column elementor-col-100 elementor-top-column elementor-element elementor-element-261efc9\" data-id=\"261efc9\" data-element_type=\"column\">\n\t\t\t<div class=\"elementor-widget-wrap elementor-element-populated\">\n\t\t\t\t\t\t<div class=\"elementor-element elementor-element-6e51d013 elementor-widget elementor-widget-heading\" data-id=\"6e51d013\" data-element_type=\"widget\" data-widget_type=\"heading.default\">\n\t\t\t\t<div class=\"elementor-widget-container\">\n\t\t\t\t\t<h1 class=\"elementor-heading-title elementor-size-default\">Vorlesungen Univ. Z\u00fcrich<\/h1>\t\t\t\t<\/div>\n\t\t\t\t<\/div>\n\t\t\t\t<div class=\"elementor-element elementor-element-515b1351 elementor-widget elementor-widget-text-editor\" data-id=\"515b1351\" data-element_type=\"widget\" data-widget_type=\"text-editor.default\">\n\t\t\t\t<div class=\"elementor-widget-container\">\n\t\t\t\t\t\t\t\t\t<p><a href=\"#\">Home <\/a>&gt; Lehre an der Universit\u00e4t Z\u00fcrich\/Schweiz<\/p>\n<div id=\"gtx-trans\" style=\"position: absolute; left: 61px; top: -10px;\">\n<div class=\"gtx-trans-icon\"><\/div>\n<\/div>\n\t\t\t\t\t\t\t\t<\/div>\n\t\t\t\t<\/div>\n\t\t\t\t\t<\/div>\n\t\t<\/div>\n\t\t\t\t\t<\/div>\n\t\t<\/section>\n\t\t\t\t<section class=\"elementor-section elementor-top-section elementor-element elementor-element-c272ba7 elementor-section-boxed elementor-section-height-default elementor-section-height-default\" data-id=\"c272ba7\" data-element_type=\"section\" data-settings=\"{&quot;background_background&quot;:&quot;classic&quot;}\">\n\t\t\t\t\t\t<div class=\"elementor-container elementor-column-gap-default\">\n\t\t\t\t\t<div class=\"elementor-column elementor-col-100 elementor-top-column elementor-element elementor-element-d7f1ca5\" data-id=\"d7f1ca5\" data-element_type=\"column\">\n\t\t\t<div class=\"elementor-widget-wrap elementor-element-populated\">\n\t\t\t\t\t\t<div class=\"elementor-element elementor-element-faef72c elementor-widget elementor-widget-heading\" data-id=\"faef72c\" data-element_type=\"widget\" data-widget_type=\"heading.default\">\n\t\t\t\t<div class=\"elementor-widget-container\">\n\t\t\t\t\t<h4 class=\"elementor-heading-title elementor-size-default\">LEHRE AN DER UNIVERSIT\u00c4T Z\u00dcRICH\/SCHWEIZ<\/h4>\t\t\t\t<\/div>\n\t\t\t\t<\/div>\n\t\t\t\t<div class=\"elementor-element elementor-element-ed8b9d7 elementor-widget elementor-widget-text-editor\" data-id=\"ed8b9d7\" data-element_type=\"widget\" data-widget_type=\"text-editor.default\">\n\t\t\t\t<div class=\"elementor-widget-container\">\n\t\t\t\t\t\t\t\t\t<p><em>Auswahl<\/em><\/p>\n<ul>\n<li>Masterstudieng\u00e4nge in Menschenrechten (Z\u00fcrich\/Schweiz und Saarbr\u00fccken\/Deutschland).<\/li>\n<li>Recht der internationalen Organisationen (einschliesslich eines Seminars in Genf\/Schweiz).<\/li>\n<li>Recht der Vereinten Nationen.<\/li>\n<li>Internationale gerichtliche Streitbeilegung (u.a. Seminar in Den Haag\/Niederlande mit Besichtigung der verschiedenen internationalen Gerichte).<\/li>\n<li>Universeller Schutz der Menschenrechte.<\/li>\n<li>Europ\u00e4ische Menschenrechtskonvention.<\/li>\n<li>Schutz von Minderheiten im internationalen Recht.<\/li>\n<li>Humanit\u00e4res Recht und Menschenrechte \u2013 Schweiz und V\u00f6lkerrecht.<\/li>\n<li>Rechte der Verteidigung nach der Europ\u00e4ischen Menschenrechtskonvention und der Strafprozessordnung des Kantons Z\u00fcrich.<\/li>\n<li>V\u00f6lkerrecht in einer Zeit des Wandels.<\/li>\n<li>Praktische \u00dcbungen zum schweizerischen \u00f6ffentlichen Recht f\u00fcr fortgeschrittene Studierende.<\/li>\n<li>Praktische \u00dcbungen zum Schweizerischen Bundesverfassungsrecht.<\/li>\n<li>Praktische \u00dcbungen zum Europarecht (inkl. Europ\u00e4ische Union).<\/li>\n<li>Vorlesungen im V\u00f6lkerrecht Teil II (Kriegsrecht, Gewaltverbot, humanit\u00e4res Recht, Neutralit\u00e4t).<\/li>\n<\/ul>\n\t\t\t\t\t\t\t\t<\/div>\n\t\t\t\t<\/div>\n\t\t\t\t\t<\/div>\n\t\t<\/div>\n\t\t\t\t\t<\/div>\n\t\t<\/section>\n\t\t\t\t<\/div>\n\t\t","protected":false},"excerpt":{"rendered":"<p>Home &gt; Lehre an der Universit\u00e4t Z\u00fcrich\/Schweiz LEHRE AN DER UNIVERSIT\u00c4T Z\u00dcRICH\/SCHWEIZ Auswahl Masterstudieng\u00e4nge in Menschenrechten (Z\u00fcrich\/Schweiz und Saarbr\u00fccken\/Deutschland). Recht der internationalen Organisationen (einschliesslich eines Seminars in Genf\/Schweiz). Recht der Vereinten Nationen. Internationale gerichtliche Streitbeilegung (u.a. Seminar in Den Haag\/Niederlande mit Besichtigung der verschiedenen internationalen Gerichte). Universeller Schutz der Menschenrechte. Europ\u00e4ische Menschenrechtskonvention. Schutz von Minderheiten [&hellip;]<\/p>\n","protected":false},"author":2,"featured_media":0,"parent":0,"menu_order":3,"comment_status":"closed","ping_status":"closed","template":"","meta":{"_seopress_robots_primary_cat":"","_seopress_titles_title":"","_seopress_titles_desc":"","_seopress_robots_index":"","footnotes":""},"class_list":["post-213","page","type-page","status-publish","hentry"],"_links":{"self":[{"href":"https:\/\/markvilliger.com\/de\/wp-json\/wp\/v2\/pages\/213","targetHints":{"allow":["GET"]}}],"collection":[{"href":"https:\/\/markvilliger.com\/de\/wp-json\/wp\/v2\/pages"}],"about":[{"href":"https:\/\/markvilliger.com\/de\/wp-json\/wp\/v2\/types\/page"}],"author":[{"embeddable":true,"href":"https:\/\/markvilliger.com\/de\/wp-json\/wp\/v2\/users\/2"}],"replies":[{"embeddable":true,"href":"https:\/\/markvilliger.com\/de\/wp-json\/wp\/v2\/comments?post=213"}],"version-history":[{"count":2,"href":"https:\/\/markvilliger.com\/de\/wp-json\/wp\/v2\/pages\/213\/revisions"}],"predecessor-version":[{"id":1116,"href":"https:\/\/markvilliger.com\/de\/wp-json\/wp\/v2\/pages\/213\/revisions\/1116"}],"wp:attachment":[{"href":"https:\/\/markvilliger.com\/de\/wp-json\/wp\/v2\/media?parent=213"}],"curies":[{"name":"wp","href":"https:\/\/api.w.org\/{rel}","templated":true}]}}